{"id":392,"date":"2020-08-26T05:46:16","date_gmt":"2020-08-26T05:46:16","guid":{"rendered":"https:\/\/polikal.progressionstudios.com\/?page_id=392"},"modified":"2021-08-26T16:14:50","modified_gmt":"2021-08-26T14:14:50","slug":"debatten","status":"publish","type":"page","link":"https:\/\/adrianbruegger.ch\/francais\/debatten\/","title":{"rendered":"D\u00e9bats"},"content":{"rendered":"<div data-elementor-type=\"wp-page\" data-elementor-id=\"392\" class=\"elementor elementor-392\" data-elementor-post-type=\"page\">\n\t\t\t\t\t\t<section class=\"elementor-section elementor-top-section elementor-element elementor-element-4d13a3e0 elementor-section-boxed elementor-section-height-default elementor-section-height-default\" data-id=\"4d13a3e0\" data-element_type=\"section\" data-e-type=\"section\" data-settings=\"{&quot;background_background&quot;:&quot;classic&quot;}\">\n\t\t\t\t\t\t<div class=\"elementor-container elementor-column-gap-default\">\n\t\t\t\t\t<div class=\"elementor-column elementor-col-100 elementor-top-column elementor-element elementor-element-d15637a\" data-id=\"d15637a\" data-element_type=\"column\" data-e-type=\"column\">\n\t\t\t<div class=\"elementor-widget-wrap elementor-element-populated\">\n\t\t\t\t\t\t<div class=\"elementor-element elementor-element-4cd680dc elementor-widget elementor-widget-heading\" data-id=\"4cd680dc\" data-element_type=\"widget\" data-e-type=\"widget\" data-widget_type=\"heading.default\">\n\t\t\t\t<div class=\"elementor-widget-container\">\n\t\t\t\t\t<h2 class=\"elementor-heading-title elementor-size-default\">Sois de la partie <\/h2>\t\t\t\t<\/div>\n\t\t\t\t<\/div>\n\t\t\t\t<div class=\"elementor-element elementor-element-10113c81 elementor-widget elementor-widget-heading\" data-id=\"10113c81\" data-element_type=\"widget\" data-e-type=\"widget\" data-widget_type=\"heading.default\">\n\t\t\t\t<div class=\"elementor-widget-container\">\n\t\t\t\t\t<div class=\"elementor-heading-title elementor-size-default\">Lorem ipsum dolor sit amet, adipiscing elit.<\/div>\t\t\t\t<\/div>\n\t\t\t\t<\/div>\n\t\t\t\t\t<\/div>\n\t\t<\/div>\n\t\t\t\t\t<\/div>\n\t\t<\/section>\n\t\t\t\t<section class=\"elementor-section elementor-top-section elementor-element elementor-element-514908fa elementor-section-boxed elementor-section-height-default elementor-section-height-default\" data-id=\"514908fa\" data-element_type=\"section\" data-e-type=\"section\" data-settings=\"{&quot;background_background&quot;:&quot;classic&quot;}\">\n\t\t\t\t\t\t<div class=\"elementor-container elementor-column-gap-default\">\n\t\t\t\t\t<div class=\"elementor-column elementor-col-50 elementor-top-column elementor-element elementor-element-2f2ca6f2\" data-id=\"2f2ca6f2\" data-element_type=\"column\" data-e-type=\"column\">\n\t\t\t<div class=\"elementor-widget-wrap elementor-element-populated\">\n\t\t\t\t\t\t<div class=\"elementor-element elementor-element-10ccfb60 elementor-widget elementor-widget-image\" data-id=\"10ccfb60\" data-element_type=\"widget\" data-e-type=\"widget\" data-widget_type=\"image.default\">\n\t\t\t\t<div class=\"elementor-widget-container\">\n\t\t\t\t\t\t\t\t\t\t\t\t\t\t\t<img fetchpriority=\"high\" decoding=\"async\" width=\"700\" height=\"467\" src=\"https:\/\/adrianbruegger.ch\/wp-content\/uploads\/2020\/08\/meeting-of-politicians-PENDUTX-1.jpg\" class=\"attachment-large size-large wp-image-220\" alt=\"\" srcset=\"https:\/\/adrianbruegger.ch\/wp-content\/uploads\/2020\/08\/meeting-of-politicians-PENDUTX-1.jpg 700w, https:\/\/adrianbruegger.ch\/wp-content\/uploads\/2020\/08\/meeting-of-politicians-PENDUTX-1-600x400.jpg 600w, https:\/\/adrianbruegger.ch\/wp-content\/uploads\/2020\/08\/meeting-of-politicians-PENDUTX-1-300x200.jpg 300w\" sizes=\"(max-width: 700px) 100vw, 700px\" \/>\t\t\t\t\t\t\t\t\t\t\t\t\t\t\t<\/div>\n\t\t\t\t<\/div>\n\t\t\t\t<div class=\"elementor-element elementor-element-41a36fcb elementor-widget elementor-widget-heading\" data-id=\"41a36fcb\" data-element_type=\"widget\" data-e-type=\"widget\" data-widget_type=\"heading.default\">\n\t\t\t\t<div class=\"elementor-widget-container\">\n\t\t\t\t\t<h2 class=\"elementor-heading-title elementor-size-default\">Efforts l\u00e9gislatifs<\/h2>\t\t\t\t<\/div>\n\t\t\t\t<\/div>\n\t\t\t\t<div class=\"elementor-element elementor-element-52d5f6b7 elementor-widget elementor-widget-text-editor\" data-id=\"52d5f6b7\" data-element_type=\"widget\" data-e-type=\"widget\" data-widget_type=\"text-editor.default\">\n\t\t\t\t<div class=\"elementor-widget-container\">\n\t\t\t\t\t\t\t\t\t<p>De nombreuses variations de passages du Lorem Ipsum sont disponibles, mais la plupart ont souffert d'alt\u00e9ration sous une forme ou une autre, par humour inject\u00e9, ou de mani\u00e8re al\u00e9atoire.<\/p>\t\t\t\t\t\t\t\t<\/div>\n\t\t\t\t<\/div>\n\t\t\t\t\t<\/div>\n\t\t<\/div>\n\t\t\t\t<div class=\"elementor-column elementor-col-50 elementor-top-column elementor-element elementor-element-18c806db\" data-id=\"18c806db\" data-element_type=\"column\" data-e-type=\"column\">\n\t\t\t<div class=\"elementor-widget-wrap elementor-element-populated\">\n\t\t\t\t\t\t<div class=\"elementor-element elementor-element-4c5cecc0 elementor-widget elementor-widget-image\" data-id=\"4c5cecc0\" data-element_type=\"widget\" data-e-type=\"widget\" data-widget_type=\"image.default\">\n\t\t\t\t<div class=\"elementor-widget-container\">\n\t\t\t\t\t\t\t\t\t\t\t\t\t\t\t<img decoding=\"async\" width=\"1024\" height=\"682\" src=\"https:\/\/adrianbruegger.ch\/wp-content\/uploads\/2020\/07\/american-voter-putting-ballot-into-voting-box-5X5B8JZ-1024x682.jpg\" class=\"attachment-large size-large wp-image-216\" alt=\"\" srcset=\"https:\/\/adrianbruegger.ch\/wp-content\/uploads\/2020\/07\/american-voter-putting-ballot-into-voting-box-5X5B8JZ-1024x682.jpg 1024w, https:\/\/adrianbruegger.ch\/wp-content\/uploads\/2020\/07\/american-voter-putting-ballot-into-voting-box-5X5B8JZ-600x400.jpg 600w, https:\/\/adrianbruegger.ch\/wp-content\/uploads\/2020\/07\/american-voter-putting-ballot-into-voting-box-5X5B8JZ-300x200.jpg 300w, https:\/\/adrianbruegger.ch\/wp-content\/uploads\/2020\/07\/american-voter-putting-ballot-into-voting-box-5X5B8JZ-768x512.jpg 768w, https:\/\/adrianbruegger.ch\/wp-content\/uploads\/2020\/07\/american-voter-putting-ballot-into-voting-box-5X5B8JZ.jpg 1400w\" sizes=\"(max-width: 1024px) 100vw, 1024px\" \/>\t\t\t\t\t\t\t\t\t\t\t\t\t\t\t<\/div>\n\t\t\t\t<\/div>\n\t\t\t\t<div class=\"elementor-element elementor-element-26ee2c47 elementor-widget elementor-widget-heading\" data-id=\"26ee2c47\" data-element_type=\"widget\" data-e-type=\"widget\" data-widget_type=\"heading.default\">\n\t\t\t\t<div class=\"elementor-widget-container\">\n\t\t\t\t\t<h2 class=\"elementor-heading-title elementor-size-default\">Success Story<\/h2>\t\t\t\t<\/div>\n\t\t\t\t<\/div>\n\t\t\t\t<div class=\"elementor-element elementor-element-4485df7f elementor-widget elementor-widget-text-editor\" data-id=\"4485df7f\" data-element_type=\"widget\" data-e-type=\"widget\" data-widget_type=\"text-editor.default\">\n\t\t\t\t<div class=\"elementor-widget-container\">\n\t\t\t\t\t\t\t\t\t<p>De nombreuses variations de passages du Lorem Ipsum sont disponibles, mais la plupart ont souffert d'alt\u00e9ration sous une forme ou une autre, par humour inject\u00e9, ou de mani\u00e8re al\u00e9atoire.<\/p>\t\t\t\t\t\t\t\t<\/div>\n\t\t\t\t<\/div>\n\t\t\t\t\t<\/div>\n\t\t<\/div>\n\t\t\t\t\t<\/div>\n\t\t<\/section>\n\t\t\t\t<section class=\"elementor-section elementor-top-section elementor-element elementor-element-d7c7003 elementor-section-boxed elementor-section-height-default elementor-section-height-default\" data-id=\"d7c7003\" data-element_type=\"section\" data-e-type=\"section\" data-settings=\"{&quot;background_background&quot;:&quot;classic&quot;}\">\n\t\t\t\t\t\t<div class=\"elementor-container elementor-column-gap-default\">\n\t\t\t\t\t<div class=\"elementor-column elementor-col-50 elementor-top-column elementor-element elementor-element-9a334a3\" data-id=\"9a334a3\" data-element_type=\"column\" data-e-type=\"column\">\n\t\t\t<div class=\"elementor-widget-wrap elementor-element-populated\">\n\t\t\t\t\t\t<div class=\"elementor-element elementor-element-230566d elementor-widget elementor-widget-image\" data-id=\"230566d\" data-element_type=\"widget\" data-e-type=\"widget\" data-widget_type=\"image.default\">\n\t\t\t\t<div class=\"elementor-widget-container\">\n\t\t\t\t\t\t\t\t\t\t\t\t\t\t\t<img fetchpriority=\"high\" decoding=\"async\" width=\"700\" height=\"467\" src=\"https:\/\/adrianbruegger.ch\/wp-content\/uploads\/2020\/08\/meeting-of-politicians-PENDUTX-1.jpg\" class=\"attachment-large size-large wp-image-220\" alt=\"\" srcset=\"https:\/\/adrianbruegger.ch\/wp-content\/uploads\/2020\/08\/meeting-of-politicians-PENDUTX-1.jpg 700w, https:\/\/adrianbruegger.ch\/wp-content\/uploads\/2020\/08\/meeting-of-politicians-PENDUTX-1-600x400.jpg 600w, https:\/\/adrianbruegger.ch\/wp-content\/uploads\/2020\/08\/meeting-of-politicians-PENDUTX-1-300x200.jpg 300w\" sizes=\"(max-width: 700px) 100vw, 700px\" \/>\t\t\t\t\t\t\t\t\t\t\t\t\t\t\t<\/div>\n\t\t\t\t<\/div>\n\t\t\t\t<div class=\"elementor-element elementor-element-6af537a elementor-widget elementor-widget-heading\" data-id=\"6af537a\" data-element_type=\"widget\" data-e-type=\"widget\" data-widget_type=\"heading.default\">\n\t\t\t\t<div class=\"elementor-widget-container\">\n\t\t\t\t\t<h2 class=\"elementor-heading-title elementor-size-default\">Efforts l\u00e9gislatifs<\/h2>\t\t\t\t<\/div>\n\t\t\t\t<\/div>\n\t\t\t\t<div class=\"elementor-element elementor-element-0a7b388 elementor-widget elementor-widget-text-editor\" data-id=\"0a7b388\" data-element_type=\"widget\" data-e-type=\"widget\" data-widget_type=\"text-editor.default\">\n\t\t\t\t<div class=\"elementor-widget-container\">\n\t\t\t\t\t\t\t\t\t<p>De nombreuses variations de passages du Lorem Ipsum sont disponibles, mais la plupart ont souffert d'alt\u00e9ration sous une forme ou une autre, par humour inject\u00e9, ou de mani\u00e8re al\u00e9atoire.<\/p>\t\t\t\t\t\t\t\t<\/div>\n\t\t\t\t<\/div>\n\t\t\t\t\t<\/div>\n\t\t<\/div>\n\t\t\t\t<div class=\"elementor-column elementor-col-50 elementor-top-column elementor-element elementor-element-9f658bf\" data-id=\"9f658bf\" data-element_type=\"column\" data-e-type=\"column\">\n\t\t\t<div class=\"elementor-widget-wrap elementor-element-populated\">\n\t\t\t\t\t\t<div class=\"elementor-element elementor-element-0cc7453 elementor-widget elementor-widget-image\" data-id=\"0cc7453\" data-element_type=\"widget\" data-e-type=\"widget\" data-widget_type=\"image.default\">\n\t\t\t\t<div class=\"elementor-widget-container\">\n\t\t\t\t\t\t\t\t\t\t\t\t\t\t\t<img decoding=\"async\" width=\"1024\" height=\"682\" src=\"https:\/\/adrianbruegger.ch\/wp-content\/uploads\/2020\/07\/american-voter-putting-ballot-into-voting-box-5X5B8JZ-1024x682.jpg\" class=\"attachment-large size-large wp-image-216\" alt=\"\" srcset=\"https:\/\/adrianbruegger.ch\/wp-content\/uploads\/2020\/07\/american-voter-putting-ballot-into-voting-box-5X5B8JZ-1024x682.jpg 1024w, https:\/\/adrianbruegger.ch\/wp-content\/uploads\/2020\/07\/american-voter-putting-ballot-into-voting-box-5X5B8JZ-600x400.jpg 600w, https:\/\/adrianbruegger.ch\/wp-content\/uploads\/2020\/07\/american-voter-putting-ballot-into-voting-box-5X5B8JZ-300x200.jpg 300w, https:\/\/adrianbruegger.ch\/wp-content\/uploads\/2020\/07\/american-voter-putting-ballot-into-voting-box-5X5B8JZ-768x512.jpg 768w, https:\/\/adrianbruegger.ch\/wp-content\/uploads\/2020\/07\/american-voter-putting-ballot-into-voting-box-5X5B8JZ.jpg 1400w\" sizes=\"(max-width: 1024px) 100vw, 1024px\" \/>\t\t\t\t\t\t\t\t\t\t\t\t\t\t\t<\/div>\n\t\t\t\t<\/div>\n\t\t\t\t<div class=\"elementor-element elementor-element-b1d3e04 elementor-widget elementor-widget-heading\" data-id=\"b1d3e04\" data-element_type=\"widget\" data-e-type=\"widget\" data-widget_type=\"heading.default\">\n\t\t\t\t<div class=\"elementor-widget-container\">\n\t\t\t\t\t<h2 class=\"elementor-heading-title elementor-size-default\">Success Story<\/h2>\t\t\t\t<\/div>\n\t\t\t\t<\/div>\n\t\t\t\t<div class=\"elementor-element elementor-element-a673a83 elementor-widget elementor-widget-text-editor\" data-id=\"a673a83\" data-element_type=\"widget\" data-e-type=\"widget\" data-widget_type=\"text-editor.default\">\n\t\t\t\t<div class=\"elementor-widget-container\">\n\t\t\t\t\t\t\t\t\t<p>De nombreuses variations de passages du Lorem Ipsum sont disponibles, mais la plupart ont souffert d'alt\u00e9ration sous une forme ou une autre, par humour inject\u00e9, ou de mani\u00e8re al\u00e9atoire.<\/p>\t\t\t\t\t\t\t\t<\/div>\n\t\t\t\t<\/div>\n\t\t\t\t\t<\/div>\n\t\t<\/div>\n\t\t\t\t\t<\/div>\n\t\t<\/section>\n\t\t\t\t<\/div>","protected":false},"excerpt":{"rendered":"<p>Sei dabei Lorem ipsum dolor sit amet, adipiscing elit. Legislative Efforts There are many variations of passages of Lorem Ipsum available, but the majority have suffered alteration in some form, by injected humour, or randomised. Success Story There are many variations of passages of Lorem Ipsum available, but the majority have suffered alteration in some [&hellip;]<\/p>\n","protected":false},"author":2,"featured_media":0,"parent":0,"menu_order":0,"comment_status":"closed","ping_status":"closed","template":"","meta":{"footnotes":""},"class_list":["post-392","page","type-page","status-publish","hentry"],"yoast_head":"<!-- This site is optimized with the Yoast SEO plugin v27.5 - https:\/\/yoast.com\/product\/yoast-seo-wordpress\/ -->\n<title>Debatten - Adrian Br\u00fcgger<\/title>\n<meta name=\"robots\" content=\"index, follow, max-snippet:-1, max-image-preview:large, max-video-preview:-1\" \/>\n<link rel=\"canonical\" href=\"https:\/\/adrianbruegger.ch\/francais\/debatten\/\" \/>\n<meta property=\"og:locale\" content=\"fr_FR\" \/>\n<meta property=\"og:type\" content=\"article\" \/>\n<meta property=\"og:title\" content=\"Debatten - Adrian Br\u00fcgger\" \/>\n<meta property=\"og:description\" content=\"Sei dabei Lorem ipsum dolor sit amet, adipiscing elit. Legislative Efforts There are many variations of passages of Lorem Ipsum available, but the majority have suffered alteration in some form, by injected humour, or randomised. Success Story There are many variations of passages of Lorem Ipsum available, but the majority have suffered alteration in some [&hellip;]\" \/>\n<meta property=\"og:url\" content=\"https:\/\/adrianbruegger.ch\/francais\/debatten\/\" \/>\n<meta property=\"og:site_name\" content=\"Adrian Br\u00fcgger\" \/>\n<meta property=\"article:publisher\" content=\"https:\/\/www.facebook.com\/profile.php?id=100013409536659\" \/>\n<meta property=\"article:modified_time\" content=\"2021-08-26T14:14:50+00:00\" \/>\n<meta property=\"og:image\" content=\"https:\/\/adrianbruegger.ch\/wp-content\/uploads\/2020\/08\/meeting-of-politicians-PENDUTX-1.jpg\" \/>\n<meta name=\"twitter:card\" content=\"summary_large_image\" \/>\n<meta name=\"twitter:label1\" content=\"Dur\u00e9e de lecture estim\u00e9e\" \/>\n\t<meta name=\"twitter:data1\" content=\"1 minute\" \/>\n<script type=\"application\/ld+json\" class=\"yoast-schema-graph\">{\"@context\":\"https:\\\/\\\/schema.org\",\"@graph\":[{\"@type\":\"WebPage\",\"@id\":\"https:\\\/\\\/adrianbruegger.ch\\\/debatten\\\/\",\"url\":\"https:\\\/\\\/adrianbruegger.ch\\\/debatten\\\/\",\"name\":\"Debatten - Adrian Br\u00fcgger\",\"isPartOf\":{\"@id\":\"https:\\\/\\\/adrianbruegger.ch\\\/#website\"},\"primaryImageOfPage\":{\"@id\":\"https:\\\/\\\/adrianbruegger.ch\\\/debatten\\\/#primaryimage\"},\"image\":{\"@id\":\"https:\\\/\\\/adrianbruegger.ch\\\/debatten\\\/#primaryimage\"},\"thumbnailUrl\":\"https:\\\/\\\/adrianbruegger.ch\\\/wp-content\\\/uploads\\\/2020\\\/08\\\/meeting-of-politicians-PENDUTX-1.jpg\",\"datePublished\":\"2020-08-26T05:46:16+00:00\",\"dateModified\":\"2021-08-26T14:14:50+00:00\",\"breadcrumb\":{\"@id\":\"https:\\\/\\\/adrianbruegger.ch\\\/debatten\\\/#breadcrumb\"},\"inLanguage\":\"fr-FR\",\"potentialAction\":[{\"@type\":\"ReadAction\",\"target\":[\"https:\\\/\\\/adrianbruegger.ch\\\/debatten\\\/\"]}]},{\"@type\":\"ImageObject\",\"inLanguage\":\"fr-FR\",\"@id\":\"https:\\\/\\\/adrianbruegger.ch\\\/debatten\\\/#primaryimage\",\"url\":\"https:\\\/\\\/adrianbruegger.ch\\\/wp-content\\\/uploads\\\/2020\\\/08\\\/meeting-of-politicians-PENDUTX-1.jpg\",\"contentUrl\":\"https:\\\/\\\/adrianbruegger.ch\\\/wp-content\\\/uploads\\\/2020\\\/08\\\/meeting-of-politicians-PENDUTX-1.jpg\"},{\"@type\":\"BreadcrumbList\",\"@id\":\"https:\\\/\\\/adrianbruegger.ch\\\/debatten\\\/#breadcrumb\",\"itemListElement\":[{\"@type\":\"ListItem\",\"position\":1,\"name\":\"Home\",\"item\":\"https:\\\/\\\/adrianbruegger.ch\\\/\"},{\"@type\":\"ListItem\",\"position\":2,\"name\":\"Debatten\"}]},{\"@type\":\"WebSite\",\"@id\":\"https:\\\/\\\/adrianbruegger.ch\\\/#website\",\"url\":\"https:\\\/\\\/adrianbruegger.ch\\\/\",\"name\":\"Adrian Br\u00fcgger\",\"description\":\"Gross- und Staatsratskandidat\",\"publisher\":{\"@id\":\"https:\\\/\\\/adrianbruegger.ch\\\/#organization\"},\"potentialAction\":[{\"@type\":\"SearchAction\",\"target\":{\"@type\":\"EntryPoint\",\"urlTemplate\":\"https:\\\/\\\/adrianbruegger.ch\\\/?s={search_term_string}\"},\"query-input\":{\"@type\":\"PropertyValueSpecification\",\"valueRequired\":true,\"valueName\":\"search_term_string\"}}],\"inLanguage\":\"fr-FR\"},{\"@type\":\"Organization\",\"@id\":\"https:\\\/\\\/adrianbruegger.ch\\\/#organization\",\"name\":\"Adrian Br\u00fcgger\",\"url\":\"https:\\\/\\\/adrianbruegger.ch\\\/\",\"logo\":{\"@type\":\"ImageObject\",\"inLanguage\":\"fr-FR\",\"@id\":\"https:\\\/\\\/adrianbruegger.ch\\\/#\\\/schema\\\/logo\\\/image\\\/\",\"url\":\"https:\\\/\\\/adrianbruegger.ch\\\/wp-content\\\/uploads\\\/2021\\\/08\\\/SVP_FR.png\",\"contentUrl\":\"https:\\\/\\\/adrianbruegger.ch\\\/wp-content\\\/uploads\\\/2021\\\/08\\\/SVP_FR.png\",\"width\":1000,\"height\":552,\"caption\":\"Adrian Br\u00fcgger\"},\"image\":{\"@id\":\"https:\\\/\\\/adrianbruegger.ch\\\/#\\\/schema\\\/logo\\\/image\\\/\"},\"sameAs\":[\"https:\\\/\\\/www.facebook.com\\\/profile.php?id=100013409536659\",\"https:\\\/\\\/www.instagram.com\\\/bruggeradrian\\\/\"]}]}<\/script>\n<!-- \/ Yoast SEO plugin. -->","yoast_head_json":{"title":"D\u00e9bats - Adrian Br\u00fcgger","robots":{"index":"index","follow":"follow","max-snippet":"max-snippet:-1","max-image-preview":"max-image-preview:large","max-video-preview":"max-video-preview:-1"},"canonical":"https:\/\/adrianbruegger.ch\/francais\/debatten\/","og_locale":"fr_FR","og_type":"article","og_title":"Debatten - Adrian Br\u00fcgger","og_description":"Sei dabei Lorem ipsum dolor sit amet, adipiscing elit. Legislative Efforts There are many variations of passages of Lorem Ipsum available, but the majority have suffered alteration in some form, by injected humour, or randomised. Success Story There are many variations of passages of Lorem Ipsum available, but the majority have suffered alteration in some [&hellip;]","og_url":"https:\/\/adrianbruegger.ch\/francais\/debatten\/","og_site_name":"Adrian Br\u00fcgger","article_publisher":"https:\/\/www.facebook.com\/profile.php?id=100013409536659","article_modified_time":"2021-08-26T14:14:50+00:00","og_image":[{"url":"https:\/\/adrianbruegger.ch\/wp-content\/uploads\/2020\/08\/meeting-of-politicians-PENDUTX-1.jpg","type":"","width":"","height":""}],"twitter_card":"summary_large_image","twitter_misc":{"Dur\u00e9e de lecture estim\u00e9e":"1 minute"},"schema":{"@context":"https:\/\/schema.org","@graph":[{"@type":"WebPage","@id":"https:\/\/adrianbruegger.ch\/debatten\/","url":"https:\/\/adrianbruegger.ch\/debatten\/","name":"D\u00e9bats - Adrian Br\u00fcgger","isPartOf":{"@id":"https:\/\/adrianbruegger.ch\/#website"},"primaryImageOfPage":{"@id":"https:\/\/adrianbruegger.ch\/debatten\/#primaryimage"},"image":{"@id":"https:\/\/adrianbruegger.ch\/debatten\/#primaryimage"},"thumbnailUrl":"https:\/\/adrianbruegger.ch\/wp-content\/uploads\/2020\/08\/meeting-of-politicians-PENDUTX-1.jpg","datePublished":"2020-08-26T05:46:16+00:00","dateModified":"2021-08-26T14:14:50+00:00","breadcrumb":{"@id":"https:\/\/adrianbruegger.ch\/debatten\/#breadcrumb"},"inLanguage":"fr-FR","potentialAction":[{"@type":"ReadAction","target":["https:\/\/adrianbruegger.ch\/debatten\/"]}]},{"@type":"ImageObject","inLanguage":"fr-FR","@id":"https:\/\/adrianbruegger.ch\/debatten\/#primaryimage","url":"https:\/\/adrianbruegger.ch\/wp-content\/uploads\/2020\/08\/meeting-of-politicians-PENDUTX-1.jpg","contentUrl":"https:\/\/adrianbruegger.ch\/wp-content\/uploads\/2020\/08\/meeting-of-politicians-PENDUTX-1.jpg"},{"@type":"BreadcrumbList","@id":"https:\/\/adrianbruegger.ch\/debatten\/#breadcrumb","itemListElement":[{"@type":"ListItem","position":1,"name":"Home","item":"https:\/\/adrianbruegger.ch\/"},{"@type":"ListItem","position":2,"name":"Debatten"}]},{"@type":"WebSite","@id":"https:\/\/adrianbruegger.ch\/#website","url":"https:\/\/adrianbruegger.ch\/","name":"Adrian Br\u00fcgger","description":"Candidat au Grand Conseil et au Conseil d'\u00c9tat","publisher":{"@id":"https:\/\/adrianbruegger.ch\/#organization"},"potentialAction":[{"@type":"SearchAction","target":{"@type":"EntryPoint","urlTemplate":"https:\/\/adrianbruegger.ch\/?s={search_term_string}"},"query-input":{"@type":"PropertyValueSpecification","valueRequired":true,"valueName":"search_term_string"}}],"inLanguage":"fr-FR"},{"@type":"Organization","@id":"https:\/\/adrianbruegger.ch\/#organization","name":"Adrian Br\u00fcgger","url":"https:\/\/adrianbruegger.ch\/","logo":{"@type":"ImageObject","inLanguage":"fr-FR","@id":"https:\/\/adrianbruegger.ch\/#\/schema\/logo\/image\/","url":"https:\/\/adrianbruegger.ch\/wp-content\/uploads\/2021\/08\/SVP_FR.png","contentUrl":"https:\/\/adrianbruegger.ch\/wp-content\/uploads\/2021\/08\/SVP_FR.png","width":1000,"height":552,"caption":"Adrian Br\u00fcgger"},"image":{"@id":"https:\/\/adrianbruegger.ch\/#\/schema\/logo\/image\/"},"sameAs":["https:\/\/www.facebook.com\/profile.php?id=100013409536659","https:\/\/www.instagram.com\/bruggeradrian\/"]}]}},"_links":{"self":[{"href":"https:\/\/adrianbruegger.ch\/francais\/wp-json\/wp\/v2\/pages\/392","targetHints":{"allow":["GET"]}}],"collection":[{"href":"https:\/\/adrianbruegger.ch\/francais\/wp-json\/wp\/v2\/pages"}],"about":[{"href":"https:\/\/adrianbruegger.ch\/francais\/wp-json\/wp\/v2\/types\/page"}],"author":[{"embeddable":true,"href":"https:\/\/adrianbruegger.ch\/francais\/wp-json\/wp\/v2\/users\/2"}],"replies":[{"embeddable":true,"href":"https:\/\/adrianbruegger.ch\/francais\/wp-json\/wp\/v2\/comments?post=392"}],"version-history":[{"count":9,"href":"https:\/\/adrianbruegger.ch\/francais\/wp-json\/wp\/v2\/pages\/392\/revisions"}],"predecessor-version":[{"id":772,"href":"https:\/\/adrianbruegger.ch\/francais\/wp-json\/wp\/v2\/pages\/392\/revisions\/772"}],"wp:attachment":[{"href":"https:\/\/adrianbruegger.ch\/francais\/wp-json\/wp\/v2\/media?parent=392"}],"curies":[{"name":"wp","href":"https:\/\/api.w.org\/{rel}","templated":true}]}}