{"id":202,"date":"2020-08-24T20:53:15","date_gmt":"2020-08-24T20:53:15","guid":{"rendered":"https:\/\/polikal.progressionstudios.com\/?post_type=product&amp;p=202"},"modified":"2020-08-24T20:53:15","modified_gmt":"2020-08-24T20:53:15","slug":"product-with-sizes","status":"publish","type":"product","link":"https:\/\/adrianbruegger.ch\/francais\/product\/product-with-sizes\/","title":{"rendered":"Produit avec tailles"},"content":{"rendered":"<p>Lorem ipsum dolor sit amet sectetur adipiscin elit cras feuiat antesed ces condimentum viverra duis autue nim convallis id diam vitae duis egety dictum erosin dictum sem. Vivamus sed molestie sapien aliquam et facilisis arcu dut molestie augue suspendisse sodales tortor nunced quis cto ligula posuere cursus keuis aute irure dolor in reprehenderit in voluptate velit esse cillum dolore eu fugiat nulla pariatur. Excepteur sint occaecated cupidatat non proident sunt in culpa qui officia deserunt mollit anim id est laborum ivamus sed molestie sapien.<\/p>\n<p>Aliquam et facilisis arcuut olestie augue. Suspendisse sodales tortor nunc quis auctor ligula posuere cursus duis aute irure dolor in reprehenderit in voluptate velit esse cill doloreeu fugiat nulla pariatur excepteur sint occaecat cupidatat non proident sunt in culpa qui officia deserunt mollit anim id est laborum. Vivaus sed delly molestie sapien. Aliquam et facilisis arcuut molestie augue.<\/p>","protected":false},"excerpt":{"rendered":"<p>Il s'agit d'une boutique en ligne de d\u00e9monstration. Aucune commande ne sera honor\u00e9e. Polikal est un th\u00e8me Design-Driven pour WooCommerce et WordPress. Si vous envisagez de lancer une boutique en ligne d\u00e8s maintenant, n'h\u00e9sitez pas \u00e0 vous procurer ce th\u00e8me sur ThemeForest.<\/p>","protected":false},"featured_media":203,"comment_status":"open","ping_status":"closed","template":"","meta":[],"product_brand":[],"product_cat":[17],"product_tag":[],"class_list":{"0":"post-202","1":"product","2":"type-product","3":"status-publish","4":"has-post-thumbnail","6":"product_cat-uncategorized","8":"first","9":"instock","10":"shipping-taxable","11":"purchasable","12":"product-type-variable","13":"has-default-attributes"},"yoast_head":"<!-- This site is optimized with the Yoast SEO plugin v27.3 - https:\/\/yoast.com\/product\/yoast-seo-wordpress\/ -->\n<title>Product with Sizes - Adrian Br\u00fcgger<\/title>\n<meta name=\"robots\" content=\"index, follow, max-snippet:-1, max-image-preview:large, max-video-preview:-1\" \/>\n<link rel=\"canonical\" href=\"https:\/\/adrianbruegger.ch\/francais\/product\/product-with-sizes\/\" \/>\n<meta property=\"og:locale\" content=\"fr_FR\" \/>\n<meta property=\"og:type\" content=\"article\" \/>\n<meta property=\"og:title\" content=\"Product with Sizes - Adrian Br\u00fcgger\" \/>\n<meta property=\"og:description\" content=\"This is a Demo Online Store. No orders shall be fulfilled. Polikal is a Design-Driven Theme for WooCommerce and WordPress. If you\u2019re planning to start an online store right away, look no further, get this theme on ThemeForest.\" \/>\n<meta property=\"og:url\" content=\"https:\/\/adrianbruegger.ch\/francais\/product\/product-with-sizes\/\" \/>\n<meta property=\"og:site_name\" content=\"Adrian Br\u00fcgger\" \/>\n<meta property=\"article:publisher\" content=\"https:\/\/www.facebook.com\/profile.php?id=100013409536659\" \/>\n<meta property=\"og:image\" content=\"https:\/\/adrianbruegger.ch\/wp-content\/uploads\/2020\/08\/product-1.jpg\" \/>\n\t<meta property=\"og:image:width\" content=\"600\" \/>\n\t<meta property=\"og:image:height\" content=\"650\" \/>\n\t<meta property=\"og:image:type\" content=\"image\/jpeg\" \/>\n<meta name=\"twitter:card\" content=\"summary_large_image\" \/>\n<meta name=\"twitter:label1\" content=\"Dur\u00e9e de lecture estim\u00e9e\" \/>\n\t<meta name=\"twitter:data1\" content=\"1 minute\" \/>\n<script type=\"application\/ld+json\" class=\"yoast-schema-graph\">{\"@context\":\"https:\\\/\\\/schema.org\",\"@graph\":[{\"@type\":\"WebPage\",\"@id\":\"https:\\\/\\\/adrianbruegger.ch\\\/product\\\/product-with-sizes\\\/\",\"url\":\"https:\\\/\\\/adrianbruegger.ch\\\/product\\\/product-with-sizes\\\/\",\"name\":\"Product with Sizes - Adrian Br\u00fcgger\",\"isPartOf\":{\"@id\":\"https:\\\/\\\/adrianbruegger.ch\\\/#website\"},\"primaryImageOfPage\":{\"@id\":\"https:\\\/\\\/adrianbruegger.ch\\\/product\\\/product-with-sizes\\\/#primaryimage\"},\"image\":{\"@id\":\"https:\\\/\\\/adrianbruegger.ch\\\/product\\\/product-with-sizes\\\/#primaryimage\"},\"thumbnailUrl\":\"https:\\\/\\\/adrianbruegger.ch\\\/wp-content\\\/uploads\\\/2020\\\/08\\\/product-1.jpg\",\"datePublished\":\"2020-08-24T20:53:15+00:00\",\"breadcrumb\":{\"@id\":\"https:\\\/\\\/adrianbruegger.ch\\\/product\\\/product-with-sizes\\\/#breadcrumb\"},\"inLanguage\":\"fr-FR\",\"potentialAction\":[{\"@type\":\"ReadAction\",\"target\":[\"https:\\\/\\\/adrianbruegger.ch\\\/product\\\/product-with-sizes\\\/\"]}]},{\"@type\":\"ImageObject\",\"inLanguage\":\"fr-FR\",\"@id\":\"https:\\\/\\\/adrianbruegger.ch\\\/product\\\/product-with-sizes\\\/#primaryimage\",\"url\":\"https:\\\/\\\/adrianbruegger.ch\\\/wp-content\\\/uploads\\\/2020\\\/08\\\/product-1.jpg\",\"contentUrl\":\"https:\\\/\\\/adrianbruegger.ch\\\/wp-content\\\/uploads\\\/2020\\\/08\\\/product-1.jpg\",\"width\":600,\"height\":650},{\"@type\":\"BreadcrumbList\",\"@id\":\"https:\\\/\\\/adrianbruegger.ch\\\/product\\\/product-with-sizes\\\/#breadcrumb\",\"itemListElement\":[{\"@type\":\"ListItem\",\"position\":1,\"name\":\"Home\",\"item\":\"https:\\\/\\\/adrianbruegger.ch\\\/\"},{\"@type\":\"ListItem\",\"position\":2,\"name\":\"Produits\",\"item\":\"https:\\\/\\\/adrianbruegger.ch\\\/francais\\\/shop\\\/\"},{\"@type\":\"ListItem\",\"position\":3,\"name\":\"Product with Sizes\"}]},{\"@type\":\"WebSite\",\"@id\":\"https:\\\/\\\/adrianbruegger.ch\\\/#website\",\"url\":\"https:\\\/\\\/adrianbruegger.ch\\\/\",\"name\":\"Adrian Br\u00fcgger\",\"description\":\"Gross- und Staatsratskandidat\",\"publisher\":{\"@id\":\"https:\\\/\\\/adrianbruegger.ch\\\/#organization\"},\"potentialAction\":[{\"@type\":\"SearchAction\",\"target\":{\"@type\":\"EntryPoint\",\"urlTemplate\":\"https:\\\/\\\/adrianbruegger.ch\\\/?s={search_term_string}\"},\"query-input\":{\"@type\":\"PropertyValueSpecification\",\"valueRequired\":true,\"valueName\":\"search_term_string\"}}],\"inLanguage\":\"fr-FR\"},{\"@type\":\"Organization\",\"@id\":\"https:\\\/\\\/adrianbruegger.ch\\\/#organization\",\"name\":\"Adrian Br\u00fcgger\",\"url\":\"https:\\\/\\\/adrianbruegger.ch\\\/\",\"logo\":{\"@type\":\"ImageObject\",\"inLanguage\":\"fr-FR\",\"@id\":\"https:\\\/\\\/adrianbruegger.ch\\\/#\\\/schema\\\/logo\\\/image\\\/\",\"url\":\"https:\\\/\\\/adrianbruegger.ch\\\/wp-content\\\/uploads\\\/2021\\\/08\\\/SVP_FR.png\",\"contentUrl\":\"https:\\\/\\\/adrianbruegger.ch\\\/wp-content\\\/uploads\\\/2021\\\/08\\\/SVP_FR.png\",\"width\":1000,\"height\":552,\"caption\":\"Adrian Br\u00fcgger\"},\"image\":{\"@id\":\"https:\\\/\\\/adrianbruegger.ch\\\/#\\\/schema\\\/logo\\\/image\\\/\"},\"sameAs\":[\"https:\\\/\\\/www.facebook.com\\\/profile.php?id=100013409536659\",\"https:\\\/\\\/www.instagram.com\\\/bruggeradrian\\\/\"]}]}<\/script>\n<!-- \/ Yoast SEO plugin. -->","yoast_head_json":{"title":"Produit avec tailles - Adrian Br\u00fcgger","robots":{"index":"index","follow":"follow","max-snippet":"max-snippet:-1","max-image-preview":"max-image-preview:large","max-video-preview":"max-video-preview:-1"},"canonical":"https:\/\/adrianbruegger.ch\/francais\/product\/product-with-sizes\/","og_locale":"fr_FR","og_type":"article","og_title":"Product with Sizes - Adrian Br\u00fcgger","og_description":"This is a Demo Online Store. No orders shall be fulfilled. Polikal is a Design-Driven Theme for WooCommerce and WordPress. If you\u2019re planning to start an online store right away, look no further, get this theme on ThemeForest.","og_url":"https:\/\/adrianbruegger.ch\/francais\/product\/product-with-sizes\/","og_site_name":"Adrian Br\u00fcgger","article_publisher":"https:\/\/www.facebook.com\/profile.php?id=100013409536659","og_image":[{"width":600,"height":650,"url":"https:\/\/adrianbruegger.ch\/wp-content\/uploads\/2020\/08\/product-1.jpg","type":"image\/jpeg"}],"twitter_card":"summary_large_image","twitter_misc":{"Dur\u00e9e de lecture estim\u00e9e":"1 minute"},"schema":{"@context":"https:\/\/schema.org","@graph":[{"@type":"WebPage","@id":"https:\/\/adrianbruegger.ch\/product\/product-with-sizes\/","url":"https:\/\/adrianbruegger.ch\/product\/product-with-sizes\/","name":"Produit avec tailles - Adrian Br\u00fcgger","isPartOf":{"@id":"https:\/\/adrianbruegger.ch\/#website"},"primaryImageOfPage":{"@id":"https:\/\/adrianbruegger.ch\/product\/product-with-sizes\/#primaryimage"},"image":{"@id":"https:\/\/adrianbruegger.ch\/product\/product-with-sizes\/#primaryimage"},"thumbnailUrl":"https:\/\/adrianbruegger.ch\/wp-content\/uploads\/2020\/08\/product-1.jpg","datePublished":"2020-08-24T20:53:15+00:00","breadcrumb":{"@id":"https:\/\/adrianbruegger.ch\/product\/product-with-sizes\/#breadcrumb"},"inLanguage":"fr-FR","potentialAction":[{"@type":"ReadAction","target":["https:\/\/adrianbruegger.ch\/product\/product-with-sizes\/"]}]},{"@type":"ImageObject","inLanguage":"fr-FR","@id":"https:\/\/adrianbruegger.ch\/product\/product-with-sizes\/#primaryimage","url":"https:\/\/adrianbruegger.ch\/wp-content\/uploads\/2020\/08\/product-1.jpg","contentUrl":"https:\/\/adrianbruegger.ch\/wp-content\/uploads\/2020\/08\/product-1.jpg","width":600,"height":650},{"@type":"BreadcrumbList","@id":"https:\/\/adrianbruegger.ch\/product\/product-with-sizes\/#breadcrumb","itemListElement":[{"@type":"ListItem","position":1,"name":"Home","item":"https:\/\/adrianbruegger.ch\/"},{"@type":"ListItem","position":2,"name":"Produits","item":"https:\/\/adrianbruegger.ch\/francais\/shop\/"},{"@type":"ListItem","position":3,"name":"Product with Sizes"}]},{"@type":"WebSite","@id":"https:\/\/adrianbruegger.ch\/#website","url":"https:\/\/adrianbruegger.ch\/","name":"Adrian Br\u00fcgger","description":"Candidat au Grand Conseil et au Conseil d'\u00c9tat","publisher":{"@id":"https:\/\/adrianbruegger.ch\/#organization"},"potentialAction":[{"@type":"SearchAction","target":{"@type":"EntryPoint","urlTemplate":"https:\/\/adrianbruegger.ch\/?s={search_term_string}"},"query-input":{"@type":"PropertyValueSpecification","valueRequired":true,"valueName":"search_term_string"}}],"inLanguage":"fr-FR"},{"@type":"Organization","@id":"https:\/\/adrianbruegger.ch\/#organization","name":"Adrian Br\u00fcgger","url":"https:\/\/adrianbruegger.ch\/","logo":{"@type":"ImageObject","inLanguage":"fr-FR","@id":"https:\/\/adrianbruegger.ch\/#\/schema\/logo\/image\/","url":"https:\/\/adrianbruegger.ch\/wp-content\/uploads\/2021\/08\/SVP_FR.png","contentUrl":"https:\/\/adrianbruegger.ch\/wp-content\/uploads\/2021\/08\/SVP_FR.png","width":1000,"height":552,"caption":"Adrian Br\u00fcgger"},"image":{"@id":"https:\/\/adrianbruegger.ch\/#\/schema\/logo\/image\/"},"sameAs":["https:\/\/www.facebook.com\/profile.php?id=100013409536659","https:\/\/www.instagram.com\/bruggeradrian\/"]}]}},"_links":{"self":[{"href":"https:\/\/adrianbruegger.ch\/francais\/wp-json\/wp\/v2\/product\/202","targetHints":{"allow":["GET"]}}],"collection":[{"href":"https:\/\/adrianbruegger.ch\/francais\/wp-json\/wp\/v2\/product"}],"about":[{"href":"https:\/\/adrianbruegger.ch\/francais\/wp-json\/wp\/v2\/types\/product"}],"replies":[{"embeddable":true,"href":"https:\/\/adrianbruegger.ch\/francais\/wp-json\/wp\/v2\/comments?post=202"}],"wp:featuredmedia":[{"embeddable":true,"href":"https:\/\/adrianbruegger.ch\/francais\/wp-json\/wp\/v2\/media\/203"}],"wp:attachment":[{"href":"https:\/\/adrianbruegger.ch\/francais\/wp-json\/wp\/v2\/media?parent=202"}],"wp:term":[{"taxonomy":"product_brand","embeddable":true,"href":"https:\/\/adrianbruegger.ch\/francais\/wp-json\/wp\/v2\/product_brand?post=202"},{"taxonomy":"product_cat","embeddable":true,"href":"https:\/\/adrianbruegger.ch\/francais\/wp-json\/wp\/v2\/product_cat?post=202"},{"taxonomy":"product_tag","embeddable":true,"href":"https:\/\/adrianbruegger.ch\/francais\/wp-json\/wp\/v2\/product_tag?post=202"}],"curies":[{"name":"wp","href":"https:\/\/api.w.org\/{rel}","templated":true}]}}